{"id":834,"date":"2020-06-11T10:23:41","date_gmt":"2020-06-11T10:23:41","guid":{"rendered":"https:\/\/imi-pharma.com\/?page_id=834"},"modified":"2022-02-09T16:51:13","modified_gmt":"2022-02-09T14:51:13","slug":"marketingu","status":"publish","type":"page","link":"https:\/\/imi-pharma.com\/?page_id=834","title":{"rendered":"Marketingu"},"content":{"rendered":"\r\n<p>Ne jemi duke konsoliduar shitjet tona aktuale me nj\u00eb aktivitet specifik t\u00eb marketingut, sipas nevojave t\u00eb tregut, si dhe po lan\u00e7ojm\u00eb produktet tona t\u00eb reja me plane specifike t\u00eb marketingut me aktivitetet kryesore t\u00eb m\u00ebposhtme:<\/p>\r\n<ul>\r\n<li>Analizat e tregut<\/li>\r\n<li>Strategjit\u00eb e tregut<\/li>\r\n<li>Trajnime<\/li>\r\n<li>Plan veprimi<\/li>\r\n<li>P\u00ebrgatitja e materialeve promovuese lokale<\/li>\r\n<li>Marketingu dixhital online<\/li>\r\n<li>Publiciteti<\/li>\r\n<li>Evente shkencore dhe marketing<\/li>\r\n<li>Sponsorizim p\u00ebr kongreset shkencore nd\u00ebrkomb\u00ebtare<\/li>\r\n<\/ul>\r\n","protected":false},"excerpt":{"rendered":"<p>Ne jemi duke konsoliduar shitjet tona aktuale me nj\u00eb aktivitet specifik t\u00eb marketingut, sipas nevojave t\u00eb tregut, si dhe po lan\u00e7ojm\u00eb produktet tona t\u00eb reja me plane specifike t\u00eb marketingut me aktivitetet kryesore t\u00eb m\u00ebposhtme: Analizat e tregut Strategjit\u00eb e tregut Trajnime Plan veprimi P\u00ebrgatitja e materialeve promovuese lokale Marketingu dixhital online Publiciteti Evente shkencore [&hellip;]<\/p>\n","protected":false},"author":1,"featured_media":0,"parent":0,"menu_order":0,"comment_status":"closed","ping_status":"closed","template":"","meta":{"footnotes":""},"class_list":["post-834","page","type-page","status-publish","hentry"],"_links":{"self":[{"href":"https:\/\/imi-pharma.com\/index.php?rest_route=\/wp\/v2\/pages\/834","targetHints":{"allow":["GET"]}}],"collection":[{"href":"https:\/\/imi-pharma.com\/index.php?rest_route=\/wp\/v2\/pages"}],"about":[{"href":"https:\/\/imi-pharma.com\/index.php?rest_route=\/wp\/v2\/types\/page"}],"author":[{"embeddable":true,"href":"https:\/\/imi-pharma.com\/index.php?rest_route=\/wp\/v2\/users\/1"}],"replies":[{"embeddable":true,"href":"https:\/\/imi-pharma.com\/index.php?rest_route=%2Fwp%2Fv2%2Fcomments&post=834"}],"version-history":[{"count":5,"href":"https:\/\/imi-pharma.com\/index.php?rest_route=\/wp\/v2\/pages\/834\/revisions"}],"predecessor-version":[{"id":1509,"href":"https:\/\/imi-pharma.com\/index.php?rest_route=\/wp\/v2\/pages\/834\/revisions\/1509"}],"wp:attachment":[{"href":"https:\/\/imi-pharma.com\/index.php?rest_route=%2Fwp%2Fv2%2Fmedia&parent=834"}],"curies":[{"name":"wp","href":"https:\/\/api.w.org\/{rel}","templated":true}]}}