{"id":17,"date":"2014-12-08T13:43:47","date_gmt":"2014-12-08T13:43:47","guid":{"rendered":"http:\/\/localhost\/business4\/?page_id=17"},"modified":"2024-08-28T08:58:12","modified_gmt":"2024-08-28T06:58:12","slug":"home","status":"publish","type":"page","link":"https:\/\/imi-pharma.com\/","title":{"rendered":"Home"},"content":{"rendered":"<div class=\"wpb-content-wrapper\"><p>[vc_row][vc_column width=&#8221;1\/3&#8243;][services_medium title=&#8221;Vizioni&#8221; style=&#8221;style_2&#8243; icon=&#8221;steadysets-icon-cloud&#8221; icon_color=&#8221;#e1e1e1&#8243; circle_color=&#8221;#f5f5f5&#8243; border_color=&#8221;#0f8dcb&#8221;]<\/p>\n<p style=\"text-align: left;\">Imi-Pharma ka qene promotorja e parteneritetit me kompanite multinacionale farmaceutike per tregun Shqipetar. Pergjate historise 30 vjecare\u00a0 Imi-Pharma ka mundesuar futjen ne treg te kompanive inovative, duke ju krijuar pacienteve shqipetare mundesine per te aksesuar te njejtat alternativa si dhe pacientet Europiane.<\/p>\n<p>[\/services_medium][\/vc_column][vc_column width=&#8221;1\/3&#8243;][services_medium title=&#8221;Misioni&#8221; style=&#8221;style_2&#8243; icon=&#8221;moon-target&#8221; icon_color=&#8221;#e1e1e1&#8243; circle_color=&#8221;#f5f5f5&#8243; border_color=&#8221;#0f8dcb&#8221;]Imi-Pharma ka implementuar ne vend standarde te marketingut mjekesor nepermjet investimit ne njohuri, burime njerezore, infrastrukture dhe sherbimin e klientit te cilat kane sherbyer si pararendese te mareveshjeve te suksesshme me kompanite Farmaceutike te mirenjohura Europiane\/Nderkombetare.[\/services_medium][\/vc_column][vc_column width=&#8221;1\/3&#8243;][services_medium title=&#8221;Vlerat&#8221; style=&#8221;style_2&#8243; icon=&#8221;moon-target-2&#8243; icon_color=&#8221;#e1e1e1&#8243; border_color=&#8221;#0f8dcb&#8221;]Suksesi yn\u00eb \u00ebsht\u00eb i bazuar n\u00eb guxim, arritje, p\u00ebrgjegj\u00ebsi, respekt, integritet dhe transparenc\u00eb. K\u00ebto vlera formojn\u00eb pun\u00ebn ton\u00eb t\u00eb p\u00ebrditshme, m\u00ebnyr\u00ebn se si ne i p\u00ebrmbushim sfidat dhe nd\u00ebrveprimet tona me klient\u00ebt tan\u00eb, partner\u00ebt e biznesit dhe koleg\u00ebt.[\/services_medium][\/vc_column][\/vc_row][vc_row][vc_column width=&#8221;1\/2&#8243;][media animation=&#8221;none&#8221; image=&#8221;1080&#8243;][\/vc_column][vc_column width=&#8221;1\/2&#8243;][block_title style=&#8221;column_title&#8221; inner_style=&#8221;inline_border&#8221; title=&#8221;M\u00eb shum\u00eb rreth nesh&#8221;][\/block_title][vc_column_text]IMI-PHARMA Albania, mban nje pozicion udheheqes ne tregun Farmaceutik, duke qene importuesi dhe shperndaresi i pare farmaceutik i rregjstruar, qe nga viti 1994.<\/p>\n<p>Pergjate eksperiences 27 vjecare, Kompania ka evoluar ne arritjen e standardeve bashkekohore te infrastruktures, ofrimit te sherbimeve dhe zhvillimit te kapaciteteve njerezore ne kujdes te klienteve dhe bashkepunetoreve.<\/p>\n<p><strong>MISIONI<\/strong><\/p>\n<p>Nepermjet sherbimeve qe ofrojme lokalisht dhe ne partneritet me kompanite udheheqese te tregut farmaceutik boteror, te kontribojme ne permiresimin e shendetit te popullates Shqipetare, dhe ne rajon. Gjithashtu, misioni yne synon ne periresimin performances financiare te kompanise per garantimin e suksesit afatgjate te\u00a0 biznesit.<\/p>\n<p><strong>VIZIONI<\/strong><\/p>\n<p>Ne jemi te angazhuar per te qene Kompani udheheqese ne tregun Farmaceutik ne Shqiperi. Te dedikuar per te siguruar zgjidhje dhe ndihmese per mireqenien dhe shendetin, nepermjet sherbimeve bashkekohore, ofrimit te produkteve te cilesise me te mire per pacientet, mbeshtetjes se sistemit shendetesor, pjesemarrjes active ne procesin e ndergjegjesimit rreth semundjeve dhe nevojave shendetesore, angazhimit per permiresimin e mjedisit te kujdesit shendetesor, per sot dhe ne te ardhmen.[\/vc_column_text][\/vc_column][\/vc_row][vc_row bg_color=&#8221;#e7e7e7&#8243; top_padding=&#8221;200px&#8221; bottom_padding=&#8221;150px&#8221;][vc_column width=&#8221;1\/4&#8243; css=&#8221;.vc_custom_1622818866566{padding-top: 50px !important;padding-bottom: 50px !important;}&#8221;][media alignment=&#8221;center&#8221; animation=&#8221;none&#8221; image=&#8221;960&#8243; width=&#8221;130px&#8221;][counter text=&#8221;Farmaci private nga 1,500&#8243; number=&#8221;1200&#8243;][\/vc_column][vc_column width=&#8221;1\/4&#8243; css=&#8221;.vc_custom_1622818999935{padding-top: 50px !important;padding-bottom: 50px !important;}&#8221;][media alignment=&#8221;center&#8221; animation=&#8221;none&#8221; image=&#8221;957&#8243; width=&#8221;150px&#8221;][counter text=&#8221;Farmaci te spitaleve nga 41&#8243; number=&#8221;41&#8243;][\/vc_column][vc_column width=&#8221;1\/4&#8243; css=&#8221;.vc_custom_1622821661749{padding-top: 50px !important;padding-bottom: 50px !important;}&#8221;][media alignment=&#8221;center&#8221; animation=&#8221;none&#8221; image=&#8221;958&#8243; width=&#8221;130px&#8221;][counter text=&#8221;Klinika Private nga 12&#8243; number=&#8221;12&#8243;][\/vc_column][vc_column width=&#8221;1\/4&#8243; css=&#8221;.vc_custom_1622821667580{padding-top: 50px !important;padding-bottom: 50px !important;}&#8221;][media alignment=&#8221;center&#8221; animation=&#8221;none&#8221; image=&#8221;959&#8243; width=&#8221;130px&#8221;][counter text=&#8221;Shperndares lokale nga 20&#8243; number=&#8221;20&#8243;][\/vc_column][\/vc_row][vc_row][vc_column width=&#8221;1\/5&#8243;][media alignment=&#8221;center&#8221; animation=&#8221;none&#8221; link=&#8221;https:\/\/www.merck.com\/&#8221; shadow=&#8221;1&#8243; rounded_left=&#8221;1&#8243; rounded_right=&#8221;1&#8243; image=&#8221;847&#8243; width=&#8221;150px&#8221;][\/vc_column][vc_column width=&#8221;1\/5&#8243;][media alignment=&#8221;center&#8221; animation=&#8221;none&#8221; link=&#8221;https:\/\/www.sanofipasteur.co.uk&#8221; shadow=&#8221;1&#8243; rounded_left=&#8221;1&#8243; image=&#8221;843&#8243; width=&#8221;150px&#8221;][\/vc_column][vc_column width=&#8221;1\/5&#8243;][media alignment=&#8221;center&#8221; animation=&#8221;none&#8221; link=&#8221;https:\/\/www.besins-healthcare.com&#8221; shadow=&#8221;1&#8243; rounded_left=&#8221;1&#8243; image=&#8221;844&#8243; width=&#8221;150px&#8221;][\/vc_column][vc_column width=&#8221;1\/5&#8243;][media alignment=&#8221;center&#8221; animation=&#8221;none&#8221; link=&#8221;https:\/\/www.stallergenesgreer.com&#8221; shadow=&#8221;1&#8243; rounded_left=&#8221;1&#8243; image=&#8221;930&#8243; width=&#8221;150px&#8221;][\/vc_column][vc_column width=&#8221;1\/5&#8243;][media alignment=&#8221;center&#8221; animation=&#8221;none&#8221; link=&#8221;https:\/\/www.sterop.be&#8221; shadow=&#8221;1&#8243; rounded_left=&#8221;1&#8243; image=&#8221;933&#8243; width=&#8221;150px&#8221;][\/vc_column][\/vc_row][vc_row][vc_column width=&#8221;1\/5&#8243;][media alignment=&#8221;center&#8221; animation=&#8221;none&#8221; link=&#8221;https:\/\/www.panpharma.eu&#8221; shadow=&#8221;1&#8243; rounded_left=&#8221;1&#8243; image=&#8221;1285&#8243; width=&#8221;150px&#8221;][\/vc_column][vc_column width=&#8221;1\/5&#8243;][media alignment=&#8221;center&#8221; animation=&#8221;none&#8221; link=&#8221;http:\/\/www.itcfarma.it&#8221; shadow=&#8221;1&#8243; rounded_left=&#8221;1&#8243; image=&#8221;1286&#8243; width=&#8221;150px&#8221;][\/vc_column][vc_column width=&#8221;1\/5&#8243;][media alignment=&#8221;center&#8221; animation=&#8221;none&#8221; link=&#8221;https:\/\/www.ceva.com&#8221; shadow=&#8221;1&#8243; rounded_left=&#8221;1&#8243; image=&#8221;935&#8243; width=&#8221;150px&#8221;][\/vc_column][vc_column width=&#8221;1\/5&#8243;][media alignment=&#8221;center&#8221; animation=&#8221;none&#8221; link=&#8221;https:\/\/vetpharma.com&#8221; shadow=&#8221;1&#8243; rounded_left=&#8221;1&#8243; image=&#8221;1487&#8243; width=&#8221;150px&#8221;][\/vc_column][vc_column width=&#8221;1\/5&#8243;][media alignment=&#8221;center&#8221; animation=&#8221;none&#8221; link=&#8221;https:\/\/www.delosmedica.ro&#8221; shadow=&#8221;1&#8243; rounded_left=&#8221;1&#8243; image=&#8221;936&#8243; width=&#8221;150px&#8221;][\/vc_column][\/vc_row][vc_row][vc_column width=&#8221;1\/5&#8243;][media alignment=&#8221;center&#8221; animation=&#8221;none&#8221; link=&#8221;http:\/\/www.vetlines.pl&#8221; shadow=&#8221;1&#8243; rounded_left=&#8221;1&#8243; image=&#8221;1488&#8243; width=&#8221;150px&#8221;][\/vc_column][vc_column width=&#8221;1\/5&#8243;][media alignment=&#8221;center&#8221; animation=&#8221;none&#8221; link=&#8221;http:\/\/www.laprovet.com&#8221; shadow=&#8221;1&#8243; rounded_left=&#8221;1&#8243; image=&#8221;937&#8243; width=&#8221;150px&#8221;][\/vc_column][vc_column width=&#8221;1\/5&#8243;][media alignment=&#8221;center&#8221; animation=&#8221;none&#8221; link=&#8221;https:\/\/www.bruschettini.com&#8221; shadow=&#8221;1&#8243; rounded_left=&#8221;1&#8243; image=&#8221;1655&#8243; width=&#8221;150px&#8221;][\/vc_column][\/vc_row]<\/p>\n<\/div>","protected":false},"excerpt":{"rendered":"<p>[vc_row][vc_column width=&#8221;1\/3&#8243;][services_medium title=&#8221;Vizioni&#8221; style=&#8221;style_2&#8243; icon=&#8221;steadysets-icon-cloud&#8221; icon_color=&#8221;#e1e1e1&#8243; circle_color=&#8221;#f5f5f5&#8243; border_color=&#8221;#0f8dcb&#8221;] Imi-Pharma ka qene promotorja e parteneritetit me kompanite multinacionale farmaceutike per tregun Shqipetar. Pergjate historise 30 vjecare\u00a0 Imi-Pharma ka mundesuar futjen ne treg te kompanive inovative, duke ju krijuar pacienteve shqipetare mundesine per te aksesuar te njejtat alternativa si dhe pacientet Europiane. [\/services_medium][\/vc_column][vc_column width=&#8221;1\/3&#8243;][services_medium title=&#8221;Misioni&#8221; style=&#8221;style_2&#8243; icon=&#8221;moon-target&#8221; [&hellip;]<\/p>\n","protected":false},"author":1,"featured_media":0,"parent":0,"menu_order":0,"comment_status":"open","ping_status":"open","template":"","meta":{"footnotes":""},"class_list":["post-17","page","type-page","status-publish","hentry"],"_links":{"self":[{"href":"https:\/\/imi-pharma.com\/index.php?rest_route=\/wp\/v2\/pages\/17","targetHints":{"allow":["GET"]}}],"collection":[{"href":"https:\/\/imi-pharma.com\/index.php?rest_route=\/wp\/v2\/pages"}],"about":[{"href":"https:\/\/imi-pharma.com\/index.php?rest_route=\/wp\/v2\/types\/page"}],"author":[{"embeddable":true,"href":"https:\/\/imi-pharma.com\/index.php?rest_route=\/wp\/v2\/users\/1"}],"replies":[{"embeddable":true,"href":"https:\/\/imi-pharma.com\/index.php?rest_route=%2Fwp%2Fv2%2Fcomments&post=17"}],"version-history":[{"count":59,"href":"https:\/\/imi-pharma.com\/index.php?rest_route=\/wp\/v2\/pages\/17\/revisions"}],"predecessor-version":[{"id":1489,"href":"https:\/\/imi-pharma.com\/index.php?rest_route=\/wp\/v2\/pages\/17\/revisions\/1489"}],"wp:attachment":[{"href":"https:\/\/imi-pharma.com\/index.php?rest_route=%2Fwp%2Fv2%2Fmedia&parent=17"}],"curies":[{"name":"wp","href":"https:\/\/api.w.org\/{rel}","templated":true}]}}