{"id":913,"date":"2021-05-17T13:23:25","date_gmt":"2021-05-17T11:23:25","guid":{"rendered":"https:\/\/imi-pharma.com\/?page_id=913"},"modified":"2021-06-11T13:09:14","modified_gmt":"2021-06-11T11:09:14","slug":"shtesa-ushqimore","status":"publish","type":"page","link":"https:\/\/imi-pharma.com\/english\/?page_id=913","title":{"rendered":"Shtesa Ushqimore"},"content":{"rendered":"<div class=\"wpb-content-wrapper\"><p>[vc_row][vc_column][vc_custom_heading text=&#8221;Suplementet ushqimore dhe roli i tyre n\u00eb organiz\u00ebm&#8221;][vc_column_text]Suplementet ushqimore jan\u00eb burime t\u00eb p\u00ebrq\u00ebndruara t\u00eb l\u00ebnd\u00ebve ushqyese si minerale vitamina, aminoacide, probiotik\u00eb ose substanca t\u00eb tjera me nj\u00eb efekt ushqyes ose fiziologjik q\u00eb treg\u00ebtohen n\u00eb form\u00eb kapsule xhelatinore, tableta, pluhur n\u00eb bustina ose l\u00ebngje.<\/p>\n<p>Suplementet ushqimore kan\u00eb p\u00ebr q\u00ebllim t\u00eb korigjijn\u00eb mang\u00ebsit\u00eb e disa l\u00ebnd\u00ebve ushqyese, ose t\u00eb mb\u00ebshtesin funksione specifike fiziologjike duke ju p\u00ebrshtatur llojit t\u00eb jetes\u00ebs ose gj\u00ebndjes sh\u00ebndet\u00ebsore. Streset, komplikimet mjekesore dhe jeta sportive krijojn\u00eb nj\u00eb nevoj\u00eb m\u00eb t\u00eb madhe p\u00ebr p\u00ebrdorimin e vitaminave dhe mineraleve shtes\u00eb n\u00eb organizimin tuaj. N\u00ebp\u00ebrmjet suplementeve ushqimore, ju mund t\u00eb p\u00ebrmir\u00ebsoni aktivitetin tuaj t\u00eb p\u00ebrditsh\u00ebm duke u ndier m\u00eb t\u00eb sh\u00ebndetsh\u00ebm dhe aktiv duke mbrojtur sh\u00ebndetin dhe parandaluar s\u00ebmundjet t\u00eb ndryshme.[\/vc_column_text][vc_custom_heading text=&#8221;Produktet&#8221; font_container=&#8221;tag:h2|text_align:center&#8221;][vc_column_text]<strong><img loading=\"lazy\" decoding=\"async\" class=\"size-medium wp-image-1300 alignleft\" src=\"https:\/\/imi-pharma.com\/wp-content\/uploads\/2021\/06\/Proseed-e1623408166403-265x300.png\" alt=\"\" width=\"265\" height=\"300\" srcset=\"https:\/\/imi-pharma.com\/english\/wp-content\/uploads\/2021\/06\/Proseed-e1623408166403-265x300.png 265w, https:\/\/imi-pharma.com\/english\/wp-content\/uploads\/2021\/06\/Proseed-e1623408166403.png 756w\" sizes=\"auto, (max-width: 265px) 100vw, 265px\" \/><\/strong><\/p>\n<p>&nbsp;<\/p>\n<p><strong>Vaj i ekstratuar nga farat e kungullit (Acid Linoleik, Omega 6),Vitamin E (D-alpha tocopherol)<\/strong><\/p>\n<p>&nbsp;<\/p>\n<p>Kujdesi p\u00ebr hiperplazi beninje t\u00eb prostat\u00ebs<\/p>\n<p>Fara e kungullit \u00ebsht\u00eb p\u00ebrb\u00ebr\u00ebsi natyror m\u00eb efektiv n\u00eb ruajtjen e nj\u00eb prostate te sh\u00ebndetshme duke frenuar 5-alfa reduktaz\u00ebn e enzim\u00ebs s\u00eb prostat\u00ebs, e cila \u00ebsht\u00eb proteina, q\u00eb shnd\u00ebrron testosteronin n\u00eb dihidrotestosteron ose DHT.d\u00ebrsa ky \u00ebsht\u00eb nj\u00eb process normal, i domosdosh\u00ebm p\u00ebr zhvillimin dhe riprodhimin e meshkujve, DHT i tep\u00ebrt mund t\u00eb veproj\u00eb si nj\u00eb nxit\u00ebs fuqish\u00ebm i rritjes s\u00eb qelizave t\u00eb prostat\u00ebs. Fara e kungullit mund t\u00eb frenoj\u00eb hiperplazin\u00eb e provokuar nga testosteroni n\u00eb prostat\u00eb dhe p\u00ebr k\u00ebt\u00eb arsye mund t\u00eb jet\u00eb e dobishme duke zvog\u00ebluar madh\u00ebsin\u00eb e nj\u00eb prostate t\u00eb zmadhuar. <a href=\"https:\/\/imi-pharma.com\/?p=1049\">Lexo m\u00eb shum\u00eb<\/a>[\/vc_column_text][vc_column_text]<strong><img loading=\"lazy\" decoding=\"async\" class=\"size-medium wp-image-1305 alignleft\" src=\"https:\/\/imi-pharma.com\/wp-content\/uploads\/2021\/06\/Prim-Woman-e1623409108623-291x300.png\" alt=\"\" width=\"291\" height=\"300\" srcset=\"https:\/\/imi-pharma.com\/english\/wp-content\/uploads\/2021\/06\/Prim-Woman-e1623409108623-291x300.png 291w, https:\/\/imi-pharma.com\/english\/wp-content\/uploads\/2021\/06\/Prim-Woman-e1623409108623-768x793.png 768w, https:\/\/imi-pharma.com\/english\/wp-content\/uploads\/2021\/06\/Prim-Woman-e1623409108623.png 828w\" sizes=\"auto, (max-width: 291px) 100vw, 291px\" \/><\/strong><\/p>\n<p>&nbsp;<\/p>\n<p><strong>Vaj ekstrakt i agulices (Oenothera Biennis) 10 % GLA<br \/>\nVaj ekstrakt I Borages (Boragoofficinalis) 20 % GLA<br \/>\nVitamin E (D-alpha-tocopherol natural)<\/strong><\/p>\n<p>P\u00ebrmir\u00ebson bilancin hormonal. Fara e agulices, e pasuruar me vitamin\u00ebn E me efekt t\u00eb fuqish\u00ebm antioksidant, siguron nj\u00eb burim natyral t\u00eb acideve yndyrore omega-6, thelb\u00ebsore p\u00ebr ruajtjen e sh\u00ebndetit t\u00eb mir\u00eb t\u00eb gruas. Vajrat e aguliceve trajtojn\u00eb simptomat para menstruacioneve, si ndjeshm\u00ebria e gjirit, mbajtja e ujit, aknet, depresioni, nervozizmi, mendimi i mjegullt dhe dhimbjet e kok\u00ebs p\u00ebr shkak t\u00eb p\u00ebrmbajtjes esenciale t\u00eb acidit yndyror. Acidet yndyrore Omega-6, t\u00eb tilla si LA dhe GLA, mb\u00ebshtesin funksionin e p\u00ebrgjithsh\u00ebm hormonal brenda trupit.<a href=\"https:\/\/imi-pharma.com\/?p=1047\">Lexo m\u00eb shum\u00eb<\/a>[\/vc_column_text][vc_column_text]<img loading=\"lazy\" decoding=\"async\" class=\"size-medium wp-image-1309 alignleft\" src=\"https:\/\/imi-pharma.com\/wp-content\/uploads\/2021\/06\/Omega-Care-e1623409593197-262x300.png\" alt=\"\" width=\"262\" height=\"300\" srcset=\"https:\/\/imi-pharma.com\/english\/wp-content\/uploads\/2021\/06\/Omega-Care-e1623409593197-262x300.png 262w, https:\/\/imi-pharma.com\/english\/wp-content\/uploads\/2021\/06\/Omega-Care-e1623409593197-768x879.png 768w, https:\/\/imi-pharma.com\/english\/wp-content\/uploads\/2021\/06\/Omega-Care-e1623409593197.png 774w\" sizes=\"auto, (max-width: 262px) 100vw, 262px\" \/><\/p>\n<p>&nbsp;<\/p>\n<p><strong>Vaj ekstrakt i agulices (Oenothera Biennis) 10 % GLA<br \/>\nVaj ekstrakt I Borages (Boragoofficinalis) 20 % GLA<br \/>\nVitamin E (D-alpha-tocopherol natural)<\/strong><\/p>\n<p>P\u00ebrmir\u00ebson bilancin hormonal. Fara e agulices, e pasuruar me vitamin\u00ebn E me efekt t\u00eb fuqish\u00ebm antioksidant, siguron nj\u00eb burim natyral t\u00eb acideve yndyrore omega-6, thelb\u00ebsore p\u00ebr ruajtjen e sh\u00ebndetit t\u00eb mir\u00eb t\u00eb gruas. Vajrat e aguliceve trajtojn\u00eb simptomat para menstruacioneve, si ndjeshm\u00ebria e gjirit, mbajtja e ujit, aknet, depresioni, nervozizmi, mendimi i mjegullt dhe dhimbjet e kok\u00ebs p\u00ebr shkak t\u00eb p\u00ebrmbajtjes esenciale t\u00eb acidit yndyror. Acidet yndyrore Omega-6, t\u00eb tilla si LA dhe GLA, mb\u00ebshtesin funksionin e p\u00ebrgjithsh\u00ebm hormonal brenda trupit.<a href=\"https:\/\/imi-pharma.com\/?p=1045\">Lexo m\u00eb shum\u00eb<\/a>[\/vc_column_text][home_blog posts_per_page=&#8221;25&#8243; dynamic_from_where=&#8221;cat&#8221; dynamic_cat=&#8221;11&#8243;][\/vc_column][\/vc_row]<\/p>\n<\/div>","protected":false},"excerpt":{"rendered":"<p>[vc_row][vc_column][vc_custom_heading text=&#8221;Suplementet ushqimore dhe roli i tyre n\u00eb organiz\u00ebm&#8221;][vc_column_text]Suplementet ushqimore jan\u00eb burime t\u00eb p\u00ebrq\u00ebndruara t\u00eb l\u00ebnd\u00ebve ushqyese si minerale vitamina, aminoacide, probiotik\u00eb ose substanca t\u00eb tjera me nj\u00eb efekt ushqyes ose fiziologjik q\u00eb treg\u00ebtohen n\u00eb form\u00eb kapsule xhelatinore, tableta, pluhur n\u00eb bustina ose l\u00ebngje. Suplementet ushqimore kan\u00eb p\u00ebr q\u00ebllim t\u00eb korigjijn\u00eb mang\u00ebsit\u00eb e disa l\u00ebnd\u00ebve [&hellip;]<\/p>\n","protected":false},"author":1,"featured_media":0,"parent":0,"menu_order":0,"comment_status":"closed","ping_status":"closed","template":"","meta":{"footnotes":""},"class_list":["post-913","page","type-page","status-publish","hentry"],"_links":{"self":[{"href":"https:\/\/imi-pharma.com\/english\/index.php?rest_route=\/wp\/v2\/pages\/913","targetHints":{"allow":["GET"]}}],"collection":[{"href":"https:\/\/imi-pharma.com\/english\/index.php?rest_route=\/wp\/v2\/pages"}],"about":[{"href":"https:\/\/imi-pharma.com\/english\/index.php?rest_route=\/wp\/v2\/types\/page"}],"author":[{"embeddable":true,"href":"https:\/\/imi-pharma.com\/english\/index.php?rest_route=\/wp\/v2\/users\/1"}],"replies":[{"embeddable":true,"href":"https:\/\/imi-pharma.com\/english\/index.php?rest_route=%2Fwp%2Fv2%2Fcomments&post=913"}],"version-history":[{"count":18,"href":"https:\/\/imi-pharma.com\/english\/index.php?rest_route=\/wp\/v2\/pages\/913\/revisions"}],"predecessor-version":[{"id":1281,"href":"https:\/\/imi-pharma.com\/english\/index.php?rest_route=\/wp\/v2\/pages\/913\/revisions\/1281"}],"wp:attachment":[{"href":"https:\/\/imi-pharma.com\/english\/index.php?rest_route=%2Fwp%2Fv2%2Fmedia&parent=913"}],"curies":[{"name":"wp","href":"https:\/\/api.w.org\/{rel}","templated":true}]}}