{"id":1691,"date":"2024-08-26T11:54:26","date_gmt":"2024-08-26T09:54:26","guid":{"rendered":"https:\/\/imi-pharma.com\/english\/?page_id=1691"},"modified":"2024-08-28T10:17:49","modified_gmt":"2024-08-28T08:17:49","slug":"okulistike","status":"publish","type":"page","link":"https:\/\/imi-pharma.com\/english\/?page_id=1691","title":{"rendered":"Okulistik\u00eb"},"content":{"rendered":"<div class=\"wpb-content-wrapper\"><p>[vc_row][vc_column width=&#8221;1\/2&#8243;][vc_custom_heading text=&#8221;Okulistika&#8221; css=&#8221;&#8221;][vc_column_text css=&#8221;&#8221;]<b><span data-contrast=\"auto\">Ndryshimet e sip\u00ebrfaqes s\u00eb syrit<\/span><\/b><span data-ccp-props=\"{&quot;201341983&quot;:0,&quot;335551550&quot;:2,&quot;335551620&quot;:2,&quot;335559739&quot;:160,&quot;335559740&quot;:259}\">\u00a0<\/span><\/p>\n<p><span data-contrast=\"auto\">Syri i that\u00eb \u00ebsht\u00eb nj\u00eb s\u00ebmundje multi-faktoriale e sip\u00ebrfaqes s\u00eb syrit, q\u00eb p\u00ebrfshin nj\u00eb humbje t\u00eb homeostaz\u00ebs n\u00eb filmin lakrimal, e shoq\u00ebruar me simptoma okulare. Paq\u00ebndrueshm\u00ebria dhe hiperosmolariteti i filmit lakrimal, inflamacioni dhe d\u00ebmtimi i sip\u00ebrfaqes s\u00eb syrit, p\u00ebrve\u00e7 ndryshimeve neurosensoriale, luajn\u00eb nj\u00eb rol n\u00eb shfaqjen e s\u00ebmundjes. Disa lot artificial\u00eb rekomandohen kryesisht nga okulist\u00ebt p\u00ebr t\u00eb reduktuar simptomat dhe parehatin\u00eb e syve gjat\u00eb dit\u00ebs dhe nat\u00ebs.<\/span><span data-ccp-props=\"{&quot;201341983&quot;:0,&quot;335559739&quot;:160,&quot;335559740&quot;:259}\">\u00a0<\/span><\/p>\n<p><b><span data-contrast=\"auto\">Inflamacionet dhe infeksionet okulare<\/span><\/b><span data-ccp-props=\"{&quot;201341983&quot;:0,&quot;335551550&quot;:2,&quot;335551620&quot;:2,&quot;335559739&quot;:160,&quot;335559740&quot;:259}\">\u00a0<\/span><\/p>\n<p><span data-contrast=\"auto\">Inflamacionet dhe infeksionet mund t\u00eb ekzistojn\u00eb s\u00eb bashku n\u00eb t\u00eb nj\u00ebjt\u00ebn gjendje klinike, ose secila mund t\u00eb jet\u00eb pasoj\u00eb e tjetr\u00ebs (infeksione dyt\u00ebsore ose inflamacione q\u00eb lindin nga infeksionet).<\/span><span data-ccp-props=\"{&quot;201341983&quot;:0,&quot;335559739&quot;:160,&quot;335559740&quot;:259}\">\u00a0<\/span><\/p>\n<p><span data-contrast=\"auto\">Inflamacioni okular mund t\u00eb shkaktohet nga nj\u00eb s\u00ebr\u00eb faktor\u00ebsh etiologjik\u00eb: k\u00ebtu p\u00ebrfshijm\u00eb alergenet, p\u00ebrdorimin e lenteve t\u00eb kontaktit, traumat mekanike dhe kirurgjikale dhe ndryshimet n\u00eb diet\u00eb ose stilin e jetes\u00ebs. Infeksionet okulare mund t\u00eb shkaktohen nga disa patogjen\u00eb mjedisor\u00eb (viruse, baktere, k\u00ebrpudha dhe protozoar) dhe zakonisht mund t\u00eb kategorizohen si infeksione t\u00eb brendshme ose t\u00eb jashtme t\u00eb syrit.<\/span><span data-ccp-props=\"{&quot;201341983&quot;:0,&quot;335559739&quot;:160,&quot;335559740&quot;:259}\">\u00a0<\/span><\/p>\n<p><span data-ccp-props=\"{&quot;201341983&quot;:0,&quot;335559739&quot;:160,&quot;335559740&quot;:259}\">\u00a0<\/span><\/p>\n<p><span data-contrast=\"auto\">Partneriteti IMIPHARMA me BRUSCHETTINI \u00ebsht\u00eb pozicionuar s\u00eb bashku n\u00eb ofrimin e zgjidhjeve p\u00ebr shqet\u00ebsimet q\u00eb rrisin kujdesin sh\u00ebndet\u00ebsor.<\/span><span data-ccp-props=\"{&quot;201341983&quot;:0,&quot;335559739&quot;:160,&quot;335559740&quot;:259}\">\u00a0<\/span><\/p>\n<p><span data-contrast=\"auto\">P\u00ebr mbi 100 vjet Bruschettini ka krijuar, prodhuar dhe tregtuar produkte farmaceutike me cil\u00ebsi t\u00eb lart\u00eb; P\u00ebr m\u00eb tep\u00ebr, i specializuar n\u00eb fush\u00ebn e okulistik\u00ebs, Bruschettini punon dhe eksporton n\u00eb mbi 50 vende direkt ose indirekt p\u00ebrmes marr\u00ebveshjeve t\u00eb partneritetit, shp\u00ebrndarjes dhe licencimit.<\/span><span data-ccp-props=\"{&quot;201341983&quot;:0,&quot;335559739&quot;:160,&quot;335559740&quot;:259}\">\u00a0<\/span><\/p>\n<p><span data-contrast=\"auto\">Gjat\u00eb gjith\u00eb k\u00ebsaj kohe, misioni i Bruschettini \u00ebsht\u00eb t\u00eb ofroj\u00eb produkte p\u00ebr t\u00eb ruajtur sh\u00ebndetin dhe mir\u00ebqenien q\u00eb p\u00ebrmir\u00ebsojn\u00eb cil\u00ebsin\u00eb e jet\u00ebs.<\/span>[\/vc_column_text][\/vc_column][vc_column width=&#8221;1\/2&#8243;][vc_custom_heading text=&#8221;Ophthalmology&#8221; css=&#8221;&#8221;][vc_column_text css=&#8221;&#8221;]<b><span data-contrast=\"auto\">Alterations of the Ocular Surface<\/span><\/b><span data-ccp-props=\"{&quot;201341983&quot;:0,&quot;335551550&quot;:2,&quot;335551620&quot;:2,&quot;335559739&quot;:160,&quot;335559740&quot;:259}\">\u00a0<\/span><\/p>\n<p><span data-contrast=\"auto\">Dry eye is a multi-factorial disease of the eye surface, involving a loss of homeostasis in the lacrimal film, associated with ocular symptoms. Instability and hyperosmolarity of lacrimal film, inflammation and damage on the ocular surface, besides the neurosensorial alterations, play a role in the disease onset. Several artificial tears are largely recommended by ophthalmologists to reduce symptoms and eye discomfort during day and night.<\/span><span data-ccp-props=\"{&quot;201341983&quot;:0,&quot;335559739&quot;:160,&quot;335559740&quot;:259}\">\u00a0<\/span><\/p>\n<p><b><span data-contrast=\"auto\">Ocular inflammations and infections<\/span><\/b><span data-ccp-props=\"{&quot;201341983&quot;:0,&quot;335551550&quot;:2,&quot;335551620&quot;:2,&quot;335559739&quot;:160,&quot;335559740&quot;:259}\">\u00a0<\/span><\/p>\n<p><span data-contrast=\"auto\">Inflammations and infections can coexist in the same clinical condition, or they can each be the consequence of the other (secondary infections or inflammations arising by infections).<\/span><br \/>\n<span data-contrast=\"auto\">Ocular inflammation can be triggered by a variety of etiological factors: these include allergens, using contact lenses, mechanical and surgical trauma and changes in diet or lifestyle. Ocular infections can be caused by several environmental pathogens (viruses, bacteria, fungi and protozoa) and can be typically categorized as internal\u202for external ocular infections.<\/span><br \/>\n<span data-ccp-props=\"{&quot;201341983&quot;:0,&quot;335559739&quot;:160,&quot;335559740&quot;:259}\">\u00a0<\/span><\/p>\n<p><span data-contrast=\"auto\">IMIPHARMA partnering with BRUSCHETTINI is positioned along side on providing solutions for this health care raising concern.<\/span><span data-ccp-props=\"{&quot;201341983&quot;:0,&quot;335559739&quot;:160,&quot;335559740&quot;:259}\">\u00a0<\/span><\/p>\n<p><span data-contrast=\"auto\">For over 100 years Bruschettini has been developing , manufacturing and marketing high quality pharmaceutical products; furthermore, specialized in the ophthalmic field, Bruschettini operates and exports in over 50 countries directly or indirectly through partnership, distribution and licensing agreements.<\/span><span data-ccp-props=\"{&quot;201341983&quot;:0,&quot;335559739&quot;:160,&quot;335559740&quot;:259}\">\u00a0<\/span><\/p>\n<p><span data-contrast=\"auto\">Since ever Bruschettini mission is to provide products to preserve health and wellness that improve the quality of life.<\/span>[\/vc_column_text][\/vc_column][\/vc_row][vc_row][vc_column][vc_separator][\/vc_column][\/vc_row][vc_row][vc_column][home_blog style=&#8221;grid&#8221; posts_per_page=&#8221;25&#8243; dynamic_from_where=&#8221;cat&#8221; dynamic_cat=&#8221;23&#8243;][\/vc_column][\/vc_row]<\/p>\n<\/div>","protected":false},"excerpt":{"rendered":"<p>[vc_row][vc_column width=&#8221;1\/2&#8243;][vc_custom_heading text=&#8221;Okulistika&#8221; css=&#8221;&#8221;][vc_column_text css=&#8221;&#8221;]Ndryshimet e sip\u00ebrfaqes s\u00eb syrit\u00a0 Syri i that\u00eb \u00ebsht\u00eb nj\u00eb s\u00ebmundje multi-faktoriale e sip\u00ebrfaqes s\u00eb syrit, q\u00eb p\u00ebrfshin nj\u00eb humbje t\u00eb homeostaz\u00ebs n\u00eb filmin lakrimal, e shoq\u00ebruar me simptoma okulare. Paq\u00ebndrueshm\u00ebria dhe hiperosmolariteti i filmit lakrimal, inflamacioni dhe d\u00ebmtimi i sip\u00ebrfaqes s\u00eb syrit, p\u00ebrve\u00e7 ndryshimeve neurosensoriale, luajn\u00eb nj\u00eb rol n\u00eb shfaqjen [&hellip;]<\/p>\n","protected":false},"author":1,"featured_media":0,"parent":0,"menu_order":0,"comment_status":"closed","ping_status":"closed","template":"","meta":{"footnotes":""},"class_list":["post-1691","page","type-page","status-publish","hentry"],"_links":{"self":[{"href":"https:\/\/imi-pharma.com\/english\/index.php?rest_route=\/wp\/v2\/pages\/1691","targetHints":{"allow":["GET"]}}],"collection":[{"href":"https:\/\/imi-pharma.com\/english\/index.php?rest_route=\/wp\/v2\/pages"}],"about":[{"href":"https:\/\/imi-pharma.com\/english\/index.php?rest_route=\/wp\/v2\/types\/page"}],"author":[{"embeddable":true,"href":"https:\/\/imi-pharma.com\/english\/index.php?rest_route=\/wp\/v2\/users\/1"}],"replies":[{"embeddable":true,"href":"https:\/\/imi-pharma.com\/english\/index.php?rest_route=%2Fwp%2Fv2%2Fcomments&post=1691"}],"version-history":[{"count":7,"href":"https:\/\/imi-pharma.com\/english\/index.php?rest_route=\/wp\/v2\/pages\/1691\/revisions"}],"predecessor-version":[{"id":1706,"href":"https:\/\/imi-pharma.com\/english\/index.php?rest_route=\/wp\/v2\/pages\/1691\/revisions\/1706"}],"wp:attachment":[{"href":"https:\/\/imi-pharma.com\/english\/index.php?rest_route=%2Fwp%2Fv2%2Fmedia&parent=1691"}],"curies":[{"name":"wp","href":"https:\/\/api.w.org\/{rel}","templated":true}]}}