{"id":1161,"date":"2021-06-06T21:00:09","date_gmt":"2021-06-06T19:00:09","guid":{"rendered":"https:\/\/imi-pharma.com\/?page_id=1161"},"modified":"2021-06-06T22:22:06","modified_gmt":"2021-06-06T20:22:06","slug":"vaksinat","status":"publish","type":"page","link":"https:\/\/imi-pharma.com\/english\/?page_id=1161","title":{"rendered":"Vaksinat"},"content":{"rendered":"<div class=\"wpb-content-wrapper\"><p>[vc_row][vc_column width=&#8221;1\/2&#8243;][vc_custom_heading text=&#8221;VAKSINAT&#8221;][vc_column_text]<\/p>\n<p style=\"text-align: justify;\">Shpesh nuk jemi t\u00eb vet\u00ebdijsh\u00ebm p\u00ebr ndikimin q\u00eb s\u00ebmundjet infektive mund t\u00eb ken\u00eb mbi veten dhe t\u00eb dashurit tan\u00eb. Ata mund t\u00eb na v\u00ebn\u00eb n\u00eb rrezik t\u00eb s\u00ebmundjes serioze, e cila mund t\u00eb \u00e7oj\u00eb n\u00eb vdekje 1. Vaksinimi i vazhduesh\u00ebm \u00ebsht\u00eb nj\u00eb gur thelb\u00ebsor n\u00eb mbajtjen e komuniteteve tona t\u00eb sh\u00ebndetshme, ve\u00e7an\u00ebrisht kur mendoni se vaksinat jan\u00eb shpesh m\u00ebnyra m\u00eb e mir\u00eb, n\u00ebse jo, e vetmja p\u00ebr t\u00eb na mbrojtur nga shum\u00eb s\u00ebmundje t\u00eb r\u00ebnda infektive n\u00eb \u00e7do faz\u00eb t\u00eb jet\u00ebs<\/p>\n<p style=\"text-align: justify;\">Sot, vaksinimi mund t\u00eb parandaloj\u00eb disa s\u00ebmundje infektive, dhe ka vaksina t\u00eb reja n\u00eb horizont me potencialin p\u00ebr t\u00eb parandaluar edhe m\u00eb shum\u00eb. Programet e imunizimit masiv kan\u00eb rezultuar t\u00eb suksessh\u00ebm n\u00eb kontrollimin ose edhe eliminimin e s\u00ebmundjes.<\/p>\n<p style=\"text-align: justify;\">Fal\u00eb vaksinimit, lis\u00eb tani i p\u00ebrket s\u00eb kaluar\u00ebs dhe ne jemi n\u00eb prag t\u00eb zhdukjes s\u00eb poliomelitit.<\/p>\n<p>[\/vc_column_text][\/vc_column][vc_column width=&#8221;1\/2&#8243;][vc_custom_heading text=&#8221;PASTEUR&#8221;][vc_column_text]<\/p>\n<p style=\"text-align: justify;\">We are often unaware of the impact that infectious diseases can have on ourselves and our loved ones. They can put us at risk of serious illness, which can lead to death\u00a0<sup>1<\/sup>. Ongoing vaccination is a crucial cornerstone in keeping our communities healthy, especially when you consider that vaccines are often the best, if not, the only way to protect us from many serious infectious diseases at every stage of life<\/p>\n<p style=\"text-align: justify;\">Today, vaccination can prevent several infectious diseases, and there are new vaccines on the horizon with the potential to prevent even more. Mass immunization programs have proven successful in controlling or even eliminating disease.<\/p>\n<p style=\"text-align: justify;\">Thanks to vaccination, smallpox is now a thing of the past and we are on the verge of eradicating polio.<\/p>\n<p>[\/vc_column_text][\/vc_column][\/vc_row][vc_row][vc_column][vc_separator][\/vc_column][\/vc_row][vc_row][vc_column width=&#8221;2\/3&#8243;][vc_custom_heading text=&#8221;Vaksinimi, rruga drejt\u00eb instiktit t\u00eb duhur!&#8221;][vc_column_text]Ka hapa q\u00eb ne nd\u00ebrmarrim \u00e7do dit\u00eb p\u00ebr t\u00eb mbrojtur sh\u00ebndetin ton\u00eb, si vendosja e rripit t\u00eb sigurimit ose aplikimi i kremrave t\u00eb diellit. Ju nuk keni nevoj\u00eb t\u00eb kontrolloni orarin tuaj t\u00eb imunizimit aq shpesh pasi vaksinat jan\u00eb nj\u00eb pjes\u00eb e r\u00ebnd\u00ebsishme e sh\u00ebndetit t\u00eb p\u00ebrditsh\u00ebm.[\/vc_column_text][\/vc_column][vc_column width=&#8221;1\/3&#8243;][media alignment=&#8221;center&#8221; animation=&#8221;none&#8221; image=&#8221;1203&#8243; width=&#8221;250&#8243;][\/vc_column][\/vc_row][vc_row][vc_column width=&#8221;2\/3&#8243;][vc_custom_heading text=&#8221;Vlera e nj\u00eb vaksine<br \/>\nSi funksion Imunizimi?&#8221;][vc_column_text]P\u00ebrgjigja imune \u00ebsht\u00eb nj\u00eb mekaniz\u00ebm natyror i aktivizuar nga trupi i njeriut kur zbulon pranin\u00eb e nj\u00eb agjenti infektiv.<\/p>\n<p>Nd\u00ebr tiparet m\u00eb t\u00eb r\u00ebnd\u00ebsishme t\u00eb sistemit ton\u00eb imunitar \u00ebsht\u00eb aft\u00ebsia e tij p\u00ebr t\u00eb dalluar qelizat dhe molekulat q\u00eb i p\u00ebrkasin trupit nga ato q\u00eb nuk jan\u00eb. Roli i saj \u00a0\u00ebsht\u00eb t\u00eb ndaloj\u00eb nj\u00eb agjent patogjen (nj\u00eb virus, baktere, ose parazit, etj.) q\u00eb t\u00eb p\u00ebrhapet brenda trupit ton\u00eb. Pasi t\u00eb njihet nj\u00eb agjent infektiv, sistemi imunitar i p\u00ebrgjigjet pushtimit duke prodhuar antitrupa dhe qeliza kompetente n\u00eb sasi t\u00eb p\u00ebrshtatshme, duke synuar n\u00eb m\u00ebnyr\u00eb specifike infeksionin ose s\u00ebmundjen.[\/vc_column_text][\/vc_column][vc_column width=&#8221;1\/3&#8243;][media alignment=&#8221;center&#8221; animation=&#8221;none&#8221; image=&#8221;1204&#8243; width=&#8221;250&#8243;][\/vc_column][\/vc_row][vc_row][vc_column width=&#8221;2\/3&#8243;][vc_custom_heading text=&#8221;Pse vaksinat ju mbrojn\u00eb ju dhe t\u00eb dashurit tuaj !&#8221;][vc_column_text]Ne shpesh nuk jemi t\u00eb vet\u00ebdijsh\u00ebm p\u00ebr ndikimin q\u00eb mund t\u00eb ken\u00eb s\u00ebmundjet infektive tek ne dhe t\u00eb dashurit tan\u00eb. Ato mund t\u00eb na v\u00ebn\u00eb n\u00eb rrezik nga s\u00ebmundje serioze, t\u00eb cilat\u00a0 mund t\u00eb \u00e7ojn\u00eb n\u00eb vdekje. Vaksinimi i vazhduesh\u00ebm \u00ebsht\u00eb nj\u00eb gur themeli kryesor n\u00eb mbajtjen e sh\u00ebndetshme t\u00eb komuniteteve tona,<\/p>\n<p>Ato konsiderohen si m\u00ebnyra e vetme p\u00ebr t\u00eb na mbrojtur nga shum\u00eb s\u00ebmundje serioze infektive n\u00eb \u00e7do faz\u00eb t\u00eb jet\u00ebs. Vaksinat sigurojn\u00eb mbrojtje individuale nga shum\u00eb s\u00ebmundje t\u00eb rrezikshme, por p\u00ebrfitimi prej tyre nuk mbaron aty. Kur i gjith\u00eb komuniteti \u00ebsht\u00eb i vaksinuar, nuk mbetet asnj\u00eb person q\u00eb mund\u00a0 t\u00eb trasmetoj\u00eb s\u00ebmundje ngjit\u00ebse te personat m\u00eb t\u00eb rrezikuar p\u00ebr t\u00eb shfaqur nd\u00ebrlikime serioze. Pra, duke u vaksinuar t\u00eb gjith\u00eb s\u00eb bashku, ne mund t\u00eb mbrojm\u00eb personat m\u00eb vulnerab\u00ebl (t\u00eb preksh\u00ebm), p\u00ebrfshir\u00eb foshnjat. \u00c7do person meriton t\u00eb imunizohet dhe duhet t\u00eb ndaj\u00eb p\u00ebrgjegj\u00ebsin\u00eb sociale \u00a0p\u00ebr t\u00eb mbrojtur ata q\u00eb nuk mund t\u00eb mbrojn\u00eb veten.[\/vc_column_text][\/vc_column][vc_column width=&#8221;1\/3&#8243;][media alignment=&#8221;center&#8221; animation=&#8221;none&#8221; image=&#8221;1205&#8243; width=&#8221;250&#8243;][\/vc_column][\/vc_row][vc_row][vc_column width=&#8221;2\/3&#8243;][vc_custom_heading text=&#8221;R\u00ebnd\u00ebsia e vaksinimit Pediatrik!&#8221;][vc_column_text]Vaksinimi \u00ebsht\u00eb nj\u00eb nga mund\u00ebsit\u00eb m\u00eb t\u00eb mira q\u00eb kan\u00eb prind\u00ebrit p\u00ebr t\u00eb mbrojtur foshnjat, f\u00ebmij\u00ebt dhe adoleshent\u00ebt nga s\u00ebmundjet potencialisht t\u00eb d\u00ebmshme. S\u00ebmundjet e parandalueshme nga vaksina mund t\u00eb jen\u00eb shum\u00eb serioze, mund t\u00eb k\u00ebrkojn\u00eb shtrim n\u00eb spital ose t\u00eb jen\u00eb vdekjeprur\u00ebse, ve\u00e7an\u00ebrisht n\u00eb foshnjat dhe f\u00ebmij\u00ebt e vegj\u00ebl<strong>.<\/strong> Sistemi imunitar i foshnjave mund t\u00eb luftoj\u00eb shum\u00eb mikrobe, por ka disa s\u00ebmundje vdekjeprur\u00ebse t\u00eb cilat nuk mund t\u2019i p\u00ebrballoj\u00eb. Kjo \u00ebsht\u00eb arsyeja p\u00ebrse ata kan\u00eb nevoj\u00eb p\u00ebr vaksina q\u00eb forcojn\u00eb sistemin imunitar.<\/p>\n<p>Vaksinat p\u00ebrmbajn\u00eb sasi shum\u00eb t\u00eb vogla t\u00eb antigjeneve, dhe ndihmojn\u00eb sistemin imunitar t\u00eb f\u00ebmij\u00ebs t\u00eb njoh\u00eb dhe t\u00eb luftoj\u00eb s\u00ebmundjet serioze. Antigjenet jan\u00eb pjes\u00eb e mikrobeve q\u00eb vet\u00ebm nxisin sistemin imunitar p\u00ebr t\u2019u aktivizuar.<\/p>\n<p>Fal\u00eb p\u00ebrparimeve shkencore, vaksinat e sotme mund t\u00eb mbrojn\u00eb f\u00ebmij\u00ebt nga m\u00eb shum\u00eb s\u00ebmundje duke p\u00ebrdorur m\u00eb pak antigjene. Vaksinat p\u00ebrmbajn\u00eb vet\u00ebm nj\u00eb pjes\u00eb t\u00eb vog\u00ebl t\u00eb antigjeneve, kundrejt atyre me t\u00eb cilat foshnjat ndeshen \u00e7do dit\u00eb n\u00eb mjedisin e tyre.[\/vc_column_text][\/vc_column][vc_column width=&#8221;1\/3&#8243;][media alignment=&#8221;center&#8221; animation=&#8221;none&#8221; image=&#8221;1215&#8243; width=&#8221;250&#8243;][\/vc_column][\/vc_row][vc_row][vc_column width=&#8221;2\/3&#8243;][vc_custom_heading text=&#8221;Cilat jan\u00eb vaksinat Pediatrike t\u00eb Sanofi Pasteur?&#8221;][vc_column_text]<em>Sanofi Pasteur ofron nje gam\u00eb t\u00eb gjer\u00eb kombinimesh t\u00eb vaksinave\u00a0 pediatrike<\/em>(te cilat operojn\u00eb n\u00eb p\u00ebrputhje t\u00eb plot me kalendarin komb\u00ebtar t\u00eb vaksinimit)<em>\u00a0 :<\/em><\/p>\n<ul>\n<li>Vaksina aqelizore gjasht\u00eb valente p\u00ebr vaksinimin bazal 2,4 dhe 6 muajsh.<\/li>\n<\/ul>\n<p>(<em>Difteri, tetanoz, pertus(komponent acelular), hepatit B(rDNA), poliomielit (i inaktivizuar) dhe Hemofilus influenza tipi b).<\/em><em>\u00a0<\/em><\/p>\n<ul>\n<li>Kombinimin e vaksin\u0451s aqelizore 5 n\u0451 1 duke prodhuar mbrojtjen e duhur ndaj <em>Difteris\u0451, Tetanozit, Pertusis, Polio dhe Hib duke lejuar imunizimin edhe ndaj Hepatitit B me sigurin e shtuar t\u0451 acP dhe IPV).<\/em><em>\u00a0<\/em><\/li>\n<\/ul>\n<ul>\n<li>Vaksina kat\u00ebr valente e indikuar p\u00ebr parashkolloret <em>.<\/em><em>(<\/em>(<em>Difteri, tetanoz, pertus, poliomielit (i inaktivizuar).<\/em><strong>\u00a0<\/strong><\/li>\n<\/ul>\n<ul>\n<li>Vaksina <em>e konjuguar e meningokokut<\/em>&#8211; p\u00ebrdoret p\u00ebr t\u00eb parandaluar infeksionin e shkaktuar nga bakteret meningokokale.<\/li>\n<\/ul>\n<p>[\/vc_column_text][\/vc_column][vc_column width=&#8221;1\/3&#8243;][media alignment=&#8221;center&#8221; animation=&#8221;none&#8221; image=&#8221;1217&#8243; width=&#8221;250&#8243;][\/vc_column][\/vc_row][vc_row][vc_column][media image=&#8221;1207&#8243;][\/vc_column][\/vc_row][vc_row][vc_column width=&#8221;2\/3&#8243;][vc_custom_heading text=&#8221;Pro\u00e7esi i vaksinimit!&#8221;][vc_column_text]Vaksinat jan\u00eb konsideruar nj\u00eb m\u00ebnyr\u00eb tep\u00ebr efektive n\u00eb mbrojtjen e f\u00ebmij\u00ebve ndaj s\u00ebmundjeve t\u00eb ndryshme. Pro\u00e7esi i vaksinimit aplikohet sipas nj\u00eb kalendari t\u00eb miratuar nga Ministria e Sh\u00ebndet\u00ebsis\u00eb dhe OBSH-s\u00eb.<\/p>\n<p>Shteti Shqip\u00ebtar siguron vaksinimi falas p\u00ebr f\u00ebmij\u00ebt nga mosha 0-18 vje\u00e7, sh\u00ebrbim ky i cili\u00a0 ofrohet n\u00eb q\u00ebndrat shendet\u00ebsore n\u00eb t\u00eb gjith\u00eb vendin ton\u00eb.<\/p>\n<p>Krahas vaksinave q\u00eb ofrohen nga shteti jon\u00eb n\u00eb tregun farmaceutik Shqip\u00ebtar ofrohen vaksinat pediatrike alternative, ku Sanofi Pasteur \u00ebsht\u00eb lideri bot\u00ebror n\u00eb fush\u00ebn e prodhimit t\u00eb k\u00ebtyre vaksinave.<\/p>\n<p>K\u00ebto vaksina gjenden n\u00eb \u00e7do farmaci, n\u00eb p\u00ebrputhje t\u00eb plot\u00eb me legjislacionin p\u00ebrkat\u00ebs te rregullave t\u00eb\u00a0 treg\u00ebtimit t\u00eb preparateve farmaceutike .[\/vc_column_text][\/vc_column][vc_column width=&#8221;1\/3&#8243;][media alignment=&#8221;center&#8221; animation=&#8221;none&#8221; image=&#8221;1208&#8243; width=&#8221;250&#8243;][\/vc_column][\/vc_row][vc_row][vc_column width=&#8221;2\/3&#8243;][vc_custom_heading text=&#8221;Gripi dhe vaksina!&#8221;][vc_column_text]P\u00ebr shumic\u00ebn e njer\u00ebzve gripi \u00ebsht\u00eb\u00a0 nj\u00eb s\u00ebmundje kalimtare, por n\u00eb disa raste shkakton nd\u00ebrlikime t\u00eb r\u00ebnda dhe vdekje. Mund t\u00eb prek\u00eb f\u00ebmij\u00ebn ose prindin tuaj, nj\u00eb mik apo an\u00ebtar t\u00eb familjes, nj\u00eb koleg ose t\u00eb dashur. Gripi \u00ebsht\u00eb aq i n\u00ebnvler\u00ebsuar sa ndikon seriozisht n\u00eb jet\u00ebn e miliona njer\u00ebzve, ekonomive t\u00eb t\u00ebra dhe shoq\u00ebris\u00eb n\u00eb t\u00ebr\u00ebsi.<\/p>\n<p>Ne (Sanofi Pasteur) ofrojm\u00eb vaksin\u00ebn e cila ndihmon njer\u00ebzit me risk nga s\u00ebmundetjet serioze\u00a0 t\u00eb shkaktuar\u00a0 nga gripi.Vaksinat sezonale t\u00eb gripit t\u00eb Sanofi Pasteur licencohen dhe shp\u00ebrndahen n\u00eb m\u00eb shum\u00eb se 150 vende. Dhe m\u00eb shum\u00eb se 3.5 miliard\u00eb doza t\u00eb vaksinave t\u00eb gripit sezonal Sanofi Pasteur jan\u00eb shp\u00ebrndar\u00eb n\u00eb t\u00eb gjith\u00eb bot\u00ebn gjat\u00eb 70 viteve t\u00eb fundit.[\/vc_column_text][\/vc_column][vc_column width=&#8221;1\/3&#8243;][media alignment=&#8221;center&#8221; animation=&#8221;none&#8221; image=&#8221;1209&#8243; width=&#8221;250&#8243;][\/vc_column][\/vc_row][vc_row][vc_column width=&#8221;2\/3&#8243;][vc_custom_heading text=&#8221;P\u00ebr \u00e7far\u00eb p\u00ebrdoret Hexaxim? &#8220;][vc_column_text]Hexaxim p\u00ebrdoret p\u00ebr t\u00eb mbrojtur foshnjat dhe f\u00ebmij\u00ebt e vegj\u00ebl nga mosha gjasht\u00eb javore kund\u00ebr infektiveve t\u00eb m\u00ebposht\u00ebm s\u00ebmundjet:<\/p>\n<ul>\n<li>difteria (nj\u00eb s\u00ebmundje shum\u00eb ngjit\u00ebse q\u00eb prek fytin dhe l\u00ebkur\u00ebn dhe mund t\u00eb shkaktoj\u00eb d\u00ebmtime t\u00eb saj zemra dhe organet e tjera);<\/li>\n<li>tetanoz (nofulla, zakonisht e shkaktuar nga infeksioni i nj\u00eb plage);<\/li>\n<li>pertusis (koll\u00eb e mir\u00eb);<\/li>\n<li>hepatiti B (nj\u00eb infeksion viral i m\u00ebl\u00e7is\u00eb);<\/li>\n<li>poliomieliti (poliomieliti, nj\u00eb s\u00ebmundje q\u00eb prek nervat dhe mund t\u00eb \u00e7oj\u00eb n\u00eb dob\u00ebsi t\u00eb muskujve ose paraliz\u00eb),<\/li>\n<li>s\u00ebmundje invazive (t\u00eb tilla si meningjiti) t\u00eb shkaktuara nga bakteret H. influenza tip b.<\/li>\n<\/ul>\n<p>[\/vc_column_text][\/vc_column][vc_column width=&#8221;1\/3&#8243;][media alignment=&#8221;center&#8221; animation=&#8221;none&#8221; image=&#8221;1210&#8243; width=&#8221;250&#8243;][\/vc_column][\/vc_row][vc_row][vc_column width=&#8221;2\/3&#8243;][vc_custom_heading text=&#8221;P\u00ebr \u00e7far\u00eb p\u00ebrdoret Pentaxim?&#8221;][vc_column_text]Kjo vaksin\u00eb tregohet n\u00eb parandalimin e p\u00ebrbashk\u00ebt t\u00eb difteris\u00eb, tetanozit, pertusis, poliomielitit dhe infeksione invazive t\u00eb shkaktuara nga Haemophilus influenzae tip b (t\u00eb tilla si meningjiti, septicemia, celuliti, artriti, epiglotiti, etj,).<\/p>\n<ul>\n<li>p\u00ebr vaksinimin primar te foshnjat nga mosha 2 muajshe,<\/li>\n<li>p\u00ebr vaksinimin p\u00ebrforcues, nj\u00eb vit pas vaksinimit primar gjat\u00eb vitit t\u00eb dyt\u00eb t\u00eb jet\u00ebs.<\/li>\n<\/ul>\n<p>[\/vc_column_text][\/vc_column][vc_column width=&#8221;1\/3&#8243;][media alignment=&#8221;center&#8221; animation=&#8221;none&#8221; image=&#8221;1211&#8243; width=&#8221;250&#8243;][\/vc_column][\/vc_row][vc_row][vc_column width=&#8221;2\/3&#8243;][vc_custom_heading text=&#8221;P\u00ebr \u00e7far\u00eb p\u00ebrdoret Tetraxim?&#8221;][vc_column_text]Kjo vaksin\u00eb tregohet n\u00eb parandalimin e p\u00ebrbashk\u00ebt t\u00eb difteris\u00eb, tetanozit, pertusis dhe poliomielitit:<\/p>\n<ul>\n<li>p\u00ebr vaksinimin primar te foshnjat nga mosha 2 muajshe,<\/li>\n<li>p\u00ebr vaksinimin p\u00ebrforcues, nj\u00eb vit pas vaksinimit primar gjat\u00eb vitit t\u00eb dyt\u00eb t\u00eb jet\u00ebs,<\/li>\n<li>Kjo vaksin\u00eb mund t\u00eb shoq\u00ebrohet ose kombinohet me vaksin\u00ebn e konjuguar t\u00eb Haemophilus influenzae t\u00eb tipit b<\/li>\n<li>p\u00ebr vaksinimin p\u00ebrforcues midis mosh\u00ebs 5 dhe 7 vje\u00e7, sipas rekomandimeve zyrtare.<\/li>\n<\/ul>\n<p>[\/vc_column_text][\/vc_column][vc_column width=&#8221;1\/3&#8243;][media alignment=&#8221;center&#8221; animation=&#8221;none&#8221; image=&#8221;1212&#8243; width=&#8221;250&#8243;][\/vc_column][\/vc_row]<\/p>\n<\/div>","protected":false},"excerpt":{"rendered":"<p>[vc_row][vc_column width=&#8221;1\/2&#8243;][vc_custom_heading text=&#8221;VAKSINAT&#8221;][vc_column_text] Shpesh nuk jemi t\u00eb vet\u00ebdijsh\u00ebm p\u00ebr ndikimin q\u00eb s\u00ebmundjet infektive mund t\u00eb ken\u00eb mbi veten dhe t\u00eb dashurit tan\u00eb. Ata mund t\u00eb na v\u00ebn\u00eb n\u00eb rrezik t\u00eb s\u00ebmundjes serioze, e cila mund t\u00eb \u00e7oj\u00eb n\u00eb vdekje 1. Vaksinimi i vazhduesh\u00ebm \u00ebsht\u00eb nj\u00eb gur thelb\u00ebsor n\u00eb mbajtjen e komuniteteve tona t\u00eb sh\u00ebndetshme, ve\u00e7an\u00ebrisht [&hellip;]<\/p>\n","protected":false},"author":1,"featured_media":0,"parent":0,"menu_order":0,"comment_status":"closed","ping_status":"closed","template":"","meta":{"footnotes":""},"class_list":["post-1161","page","type-page","status-publish","hentry"],"_links":{"self":[{"href":"https:\/\/imi-pharma.com\/english\/index.php?rest_route=\/wp\/v2\/pages\/1161","targetHints":{"allow":["GET"]}}],"collection":[{"href":"https:\/\/imi-pharma.com\/english\/index.php?rest_route=\/wp\/v2\/pages"}],"about":[{"href":"https:\/\/imi-pharma.com\/english\/index.php?rest_route=\/wp\/v2\/types\/page"}],"author":[{"embeddable":true,"href":"https:\/\/imi-pharma.com\/english\/index.php?rest_route=\/wp\/v2\/users\/1"}],"replies":[{"embeddable":true,"href":"https:\/\/imi-pharma.com\/english\/index.php?rest_route=%2Fwp%2Fv2%2Fcomments&post=1161"}],"version-history":[{"count":6,"href":"https:\/\/imi-pharma.com\/english\/index.php?rest_route=\/wp\/v2\/pages\/1161\/revisions"}],"predecessor-version":[{"id":1218,"href":"https:\/\/imi-pharma.com\/english\/index.php?rest_route=\/wp\/v2\/pages\/1161\/revisions\/1218"}],"wp:attachment":[{"href":"https:\/\/imi-pharma.com\/english\/index.php?rest_route=%2Fwp%2Fv2%2Fmedia&parent=1161"}],"curies":[{"name":"wp","href":"https:\/\/api.w.org\/{rel}","templated":true}]}}